{"id":13,"date":"2023-10-17T10:09:26","date_gmt":"2023-10-17T10:09:26","guid":{"rendered":"https:\/\/www.gestionerichieste.help.polimi.it\/?page_id=13"},"modified":"2024-08-09T09:04:20","modified_gmt":"2024-08-09T09:04:20","slug":"introduzione-a-otobo","status":"publish","type":"page","link":"https:\/\/www.gestionerichieste.help.polimi.it\/","title":{"rendered":"Introduzione ad OTOBO"},"content":{"rendered":"\n<div class=\"wp-block-columns alignwide is-layout-flex wp-container-core-columns-is-layout-28f84493 wp-block-columns-is-layout-flex\">\n<div class=\"wp-block-column is-layout-flow wp-block-column-is-layout-flow\" style=\"flex-basis:100%\">\n<p class=\"has-text-align-left\">OTOBO \u00e8 un sistema di trouble ticketing che permette di organizzare il servizio di assistenza in modo strutturato<\/p>\n<\/div>\n<\/div>\n\n\n\n<h3 class=\"wp-block-heading alignwide\">CARATTERISTICHE PRINCIPALI<\/h3>\n\n\n\n<h3 class=\"wp-block-heading alignwide\">Lato operatore<\/h3>\n\n\n\n<div class=\"wp-block-columns alignwide is-layout-flex wp-container-core-columns-is-layout-28f84493 wp-block-columns-is-layout-flex\">\n<div class=\"wp-block-column is-layout-flow wp-block-column-is-layout-flow\" style=\"flex-basis:100%\">\n<p>OTOBO consente di creare delle code di help e di strutturarle, se necessario, in livelli diversi, a seconda del flusso che devono seguire le richieste all\u2019interno di un\u2019organizzazione; consente inoltre una gestione condivisa delle richieste, favorendo la collaborazione tra operatori.<br>Permette infine di tenere traccia di tutta la storia della richiesta all\u2019interno del ticket, che \u00e8 di fatto un contenitore, in cui ritroviamo ogni tipo di evento intercorso dall\u2019apertura della richiesta alla sua chiusura<\/p>\n\n\n\n<p><a href=\"http:\/\/www.gestionerichieste.help.polimi.it\/wp-content\/uploads\/2024\/05\/Introduzione-a-OTOBO.pdf\" target=\"_blank\" rel=\"noreferrer noopener\">Introduzione a OTOBO<\/a><\/p>\n<\/div>\n<\/div>\n\n\n\n<div class=\"wp-block-columns alignwide is-style-default is-layout-flex wp-container-core-columns-is-layout-a5331a9e wp-block-columns-is-layout-flex\" style=\"padding-top:0;padding-right:0;padding-bottom:0;padding-left:0\">\n<div class=\"wp-block-column is-layout-flow wp-block-column-is-layout-flow\">\n<details class=\"wp-block-details has-blue-background-color has-background is-layout-flow wp-block-details-is-layout-flow\"><summary>Glossario dei termini per l&#8217;introduzione ad OTOBO<\/summary>\n<p><strong>coda di help<\/strong>: \u00e8 il servizio di assistenza che si occupa delle richieste relative a un preciso ambito.<\/p>\n\n\n\n<p><strong>livello di help<\/strong>: OTOBO d\u00e0 la possibilit\u00e0 di strutturare l\u2019help desk a pi\u00f9 livelli, ossia di articolare il servizio di assistenza, prevedendo gruppi di operatori diversi per problematiche diverse (code di help). Potremo quindi avere una coda di help principale (primo livello \u2013 visibile all\u2019utente) e delle sotto-code di help che forniscono assistenza specifica e che si interfacciano con la sola coda principale.<\/p>\n\n\n\n<p><strong>ticket<\/strong>: ogni richiesta di assistenza crea un ticket in OTOBO; il ticket \u00e8 di fatto un contenitore all\u2019interno del quale viene mantenuta la storia di una richiesta, dal suo inserimento alla sua chiusura. A ogni ticket \u00e8 associato un numero identificativo.<\/p>\n\n\n\n<p><strong>numero identificativo di un ticket<\/strong>: ogni ticket viene identificato da un codice univoco, che lo identifica.<\/p>\n\n\n\n<p><strong>stato di un ticket<\/strong>: lo stato di un ticket pu\u00f2 essere nuovo, aperto, chiuso con (o senza) successo a seconda del momento di lavorazione.<\/p>\n\n\n\n<p><strong>articolo<\/strong>: tutti gli scambi di comunicazione intercorsi a fronte della richiesta di assistenza (la richiesta stessa, le mail di notifica, di risposta, inoltrate, le note interne, ecc.), sono raccolti nel \u201ccontenitore\u201d ticket e si chiamano articoli. Gli articoli vengono numerati.<\/p>\n\n\n\n<p><strong>cliente\/utente<\/strong>: chi apre la richiesta di assistenza.<\/p>\n\n\n\n<p><strong>operatore<\/strong>: chi prende in gestione la richiesta.<\/p>\n\n\n\n<p><strong>responsabile<\/strong>: chi \u00e8 responsabile della richiesta (non necessariamente coincide con l\u2019operatore).<\/p>\n<\/details>\n<\/div>\n<\/div>\n\n\n\n<h3 class=\"wp-block-heading alignwide\">Lato utente<\/h3>\n\n\n\n<div class=\"wp-block-columns alignwide is-layout-flex wp-container-core-columns-is-layout-28f84493 wp-block-columns-is-layout-flex\">\n<div class=\"wp-block-column is-layout-flow wp-block-column-is-layout-flow\" style=\"flex-basis:100%\">\n<p>La richiesta di assistenza avviene mediante compilazione di una form. Ogni richiesta di assistenza da parte di un utente, si traduce in un ticket all\u2019interno di OTOBO.<br>L\u2019utente \u00e8 informato dello stato di avanzamento del ticket mediante notifiche mail (come la mail di corretto invio, di presa in carico della richiesta e di chiusura del ticket).<\/p>\n\n\n\n<details class=\"wp-block-details has-blue-background-color has-background is-layout-flow wp-block-details-is-layout-flow\"><summary>Invio e consultazione del ticket lato utente<\/summary>\n<p>Esistono diverse form a seconda del tipo di assistenza richiesta. La richiesta, infatti, pu\u00f2 essere fatta:<\/p>\n\n\n\n<ul class=\"wp-block-list\">\n<li>dai <strong>Servizi Online di Ateneo<\/strong><\/li>\n\n\n\n<li>direttamente dal <strong>servizio <\/strong>che si sta utilizzando<\/li>\n\n\n\n<li>dai <strong>siti informativi<\/strong><\/li>\n\n\n\n<li>dalle <strong>FAQ studenti<\/strong>     <\/li>\n<\/ul>\n\n\n\n<p>Una volta inviata la richiesta l\u2019utente potr\u00e0 monitorarne l\u2019andamento (o se necessario inserire informazioni aggiuntive) da:<br>Servizi Online &gt; Richieste e assistenza&gt; <strong>Le mie richieste<\/strong> con Aunica login.<\/p>\n<\/details>\n<\/div>\n<\/div>\n\n\n\n<h3 class=\"wp-block-heading alignwide\">WorkFlow base e diagramma degli stati<\/h3>\n\n\n\n<div class=\"wp-block-group alignwide is-vertical is-layout-flex wp-container-core-group-is-layout-fe9cc265 wp-block-group-is-layout-flex\">\n<p>Di seguito vedremo un flusso standard di gestione del ticket e dei possibili stati di quest&#8217;ultimo nei vari step<\/p>\n<\/div>\n\n\n\n<div data-wp-interactive=\"core\/file\" class=\"wp-block-file\"><object data-wp-bind--hidden=\"!state.hasPdfPreview\" hidden class=\"wp-block-file__embed\" data=\"https:\/\/www.gestionerichieste.help.polimi.it\/wp-content\/uploads\/2024\/08\/Flusso-Helpdesk.pdf\" type=\"application\/pdf\" style=\"width:100%;height:600px\" aria-label=\"Embed of Leggi.\"><\/object><a id=\"wp-block-file--media-420bc5cf-9ed7-4621-bba5-738bcfb3f5b6\" href=\"https:\/\/www.gestionerichieste.help.polimi.it\/wp-content\/uploads\/2024\/08\/Flusso-Helpdesk.pdf\" target=\"_blank\" rel=\"noreferrer noopener\">Leggi<\/a><a href=\"https:\/\/www.gestionerichieste.help.polimi.it\/wp-content\/uploads\/2024\/08\/Flusso-Helpdesk.pdf\" class=\"wp-block-file__button wp-element-button\" download aria-describedby=\"wp-block-file--media-420bc5cf-9ed7-4621-bba5-738bcfb3f5b6\">Download<\/a><\/div>\n\n\n\n<hr class=\"wp-block-separator alignwide has-alpha-channel-opacity is-style-wide\"\/>\n\n\n\n<h3 class=\"wp-block-heading alignwide\">L\u2019AMBIENTE<\/h3>\n\n\n\n<div class=\"wp-block-columns alignwide is-layout-flex wp-container-core-columns-is-layout-28f84493 wp-block-columns-is-layout-flex\">\n<div class=\"wp-block-column is-layout-flow wp-block-column-is-layout-flow\" style=\"flex-basis:100%\">\n<p>A OTOBO si accede da Servizi Online &gt; Richieste e assistenza &gt;&nbsp;<strong>Gestione richieste<\/strong>&nbsp;.<br>Vediamo i principali elementi dell\u2019ambiente OTOBO.<\/p>\n<\/div>\n<\/div>\n\n\n\n<h3 class=\"wp-block-heading alignwide\"><strong>Il Cruscotto<\/strong><\/h3>\n\n\n\n<div class=\"wp-block-group alignwide is-vertical is-layout-flex wp-container-core-group-is-layout-fe9cc265 wp-block-group-is-layout-flex\">\n<p class=\"has-text-align-left\">Vedremo come \u00e8 strutturato e quali sono gli elementi caratterizzano l\u2019ambiente di lavoro dove gli operatori leggono e gestiscono i ticket creati dagli utenti.<\/p>\n\n\n\n<p><a href=\"http:\/\/www.gestionerichieste.help.polimi.it\/wp-content\/uploads\/2024\/05\/Il-Cruscotto.pdf\" data-type=\"link\" data-id=\"http:\/\/www.ict.help.polimi.it\/wp-content\/uploads\/2020\/10\/Il-Cruscotto.pdf\" target=\"_blank\" rel=\"noreferrer noopener\">Il Cruscotto<\/a><\/p>\n<\/div>\n\n\n\n<details class=\"wp-block-details alignwide has-blue-background-color has-background is-layout-flow wp-block-details-is-layout-flow\"><summary>Glossario dei termini<\/summary>\n<p><strong>cruscotto<\/strong>: \u00e8 l\u2019ambiente di lavoro di OTOBO, nel cruscotto l\u2019operatore trova tutti i ticket, nuovi o gi\u00e0 presi in gestione, delle code a cui \u00e8 abilitato.<\/p>\n\n\n\n<p><strong>pannelli dei ticket<\/strong>: nel cruscotto i ticket sono raggruppati in due pannelli; quello dei Nuovi ticket e quello dei Ticket aperti.<\/p>\n\n\n\n<p><strong>spezzare un ticket<\/strong>: quando l\u2019operatore della coda principale (di primo livello) ha bisogno di una consulenza pi\u00f9 specifica per poter evadere la richiesta di assistenza, spezza il ticket su una coda di secondo livello.<\/p>\n\n\n\n<p><strong>ticket figlio<\/strong>: quando si spezza un ticket su una coda di secondo livello, si crea un ticket figlio.<\/p>\n\n\n\n<p><strong>ticket genitore<\/strong>: quando creo un ticket figlio, il ticket nella coda principale diventa ticket genitore, che potr\u00e0 essere chiuso solo quando verr\u00e0 chiuso il ticket figlio.<\/p>\n\n\n\n<p><strong>le mie code<\/strong>: se siamo operatori su pi\u00f9 code, all\u2019interno delle Impostazioni di OTOBO, possiamo selezionare delle code preferite (le mie code, appunto).<br>Potremo cos\u00ec ricevere notifiche solo per i ticket di queste code o visualizzare nei pannelli dei ticket solo quelli di queste code, utilizzando di fatto le visualizzazioni come un filtro.<\/p>\n<\/details>\n\n\n\n<h3 class=\"wp-block-heading alignwide\"><strong>Men\u00f9 e altre funzionalit\u00e0<\/strong><\/h3>\n\n\n\n<details class=\"wp-block-details alignwide has-blue-background-color has-background is-layout-flow wp-block-details-is-layout-flow\"><summary>Men\u00f9 OTOBO: Richieste, FAQ<\/summary>\n<figure class=\"wp-block-image size-full\"><img loading=\"lazy\" decoding=\"async\" width=\"408\" height=\"43\" src=\"http:\/\/www.gestionerichieste.help.polimi.it\/wp-content\/uploads\/2023\/12\/intro_1_icona_ticket.png\" alt=\"\" class=\"wp-image-603\" srcset=\"https:\/\/www.gestionerichieste.help.polimi.it\/wp-content\/uploads\/2023\/12\/intro_1_icona_ticket.png 408w, https:\/\/www.gestionerichieste.help.polimi.it\/wp-content\/uploads\/2023\/12\/intro_1_icona_ticket-300x32.png 300w\" sizes=\"auto, (max-width: 408px) 100vw, 408px\" \/><\/figure>\n\n\n\n<p>In&nbsp;<strong>Ticket <\/strong>\u00e8 possibile:<\/p>\n\n\n\n<ul class=\"wp-block-list\">\n<li><strong>creare un nuovo ticket<\/strong>&nbsp;\u2013 funzionalit\u00e0 che permette di creare un ticket a nome dell\u2019utente, includendo cos\u00ec in OTOBO anche eventuali richieste di assistenza pervenute tramite telefono o via mail.<\/li>\n\n\n\n<li><strong>cercare un ticket<\/strong>&nbsp;\u2013 \u00e8 la stessa funzionalit\u00e0 di ricerca dei ticket che \u00e8 disponibile cliccando sulla lente che compare accanto ai men\u00f9.<\/li>\n\n\n\n<li><strong>visualizzare<\/strong>&nbsp;i ticket in altri modi (per ognuna di queste visualizzazioni sono disponibili tre diversi livelli di dettaglio delle informazioni associate ai ticket:&nbsp;<strong>S<\/strong>,&nbsp;<strong>M<\/strong>,&nbsp;<strong>L<\/strong>.):\n<ol class=\"wp-block-list\">\n<li>per singola coda (selezionando tutti i ticket oppure quelli senza operatore);<\/li>\n\n\n\n<li>per stato (selezionando ticket aperti o chiusi)<\/li>\n<\/ol>\n<\/li>\n<\/ul>\n\n\n\n<p><\/p>\n\n\n\n<figure class=\"wp-block-image size-full\"><img loading=\"lazy\" decoding=\"async\" width=\"186\" height=\"45\" src=\"http:\/\/www.gestionerichieste.help.polimi.it\/wp-content\/uploads\/2023\/12\/intro_2_menu_FAQ.png\" alt=\"\" class=\"wp-image-605\"\/><\/figure>\n\n\n\n<p>Se presente, nel men\u00f9&nbsp;<strong>FAQ<\/strong>&nbsp;\u00e8 possibile:<\/p>\n\n\n\n<ul class=\"wp-block-list\">\n<li>strutturare delle&nbsp;<strong>risposte standard<\/strong>&nbsp;per problemi ricorrenti;<\/li>\n\n\n\n<li><strong>condividere informazioni<\/strong>&nbsp;che possono essere utili a tutti gli operatori;<\/li>\n\n\n\n<li>organizzare le FAQ in categorie \u2013 sottocategorie.<\/li>\n<\/ul>\n<\/details>\n\n\n\n<details class=\"wp-block-details alignwide has-blue-background-color has-background is-layout-flow wp-block-details-is-layout-flow\"><summary>Funzione &#8220;Cerca&#8221;<\/summary>\n<figure class=\"wp-block-image size-full\"><img loading=\"lazy\" decoding=\"async\" width=\"50\" height=\"43\" src=\"http:\/\/www.gestionerichieste.help.polimi.it\/wp-content\/uploads\/2023\/12\/intro_menu_cerca.png\" alt=\"\" class=\"wp-image-607\"\/><\/figure>\n\n\n\n<p>La funzionalit\u00e0 Cerca permette la ricerca di ticket (aperti o chiusi) mediante diverse modalit\u00e0. Maggiori informazioni nella pagina di dettaglio <a href=\"https:\/\/www.gestionerichieste.help.polimi.it\/?page_id=908\" data-type=\"page\" data-id=\"908\" target=\"_blank\" rel=\"noreferrer noopener\">Cercare un ticket<\/a><\/p>\n<\/details>\n\n\n\n<details class=\"wp-block-details alignwide has-blue-background-color has-background is-layout-flow wp-block-details-is-layout-flow\"><summary>Icone<\/summary>\n<p>Le icone presenti nel Cruscotto di OTOBO mi aiutano ad avere informazioni immediate sulla situazione dei ticket.<\/p>\n\n\n\n<figure class=\"wp-block-image aligncenter size-full\"><img loading=\"lazy\" decoding=\"async\" width=\"361\" height=\"61\" src=\"https:\/\/www.gestionerichieste.help.polimi.it\/wp-content\/uploads\/2023\/12\/intro_icone.png\" alt=\"\" class=\"wp-image-639\" srcset=\"https:\/\/www.gestionerichieste.help.polimi.it\/wp-content\/uploads\/2023\/12\/intro_icone.png 361w, https:\/\/www.gestionerichieste.help.polimi.it\/wp-content\/uploads\/2023\/12\/intro_icone-300x51.png 300w\" sizes=\"auto, (max-width: 361px) 100vw, 361px\" \/><\/figure>\n\n\n\n<p>Nell&#8217;ordine:<\/p>\n\n\n\n<ul class=\"wp-block-list\">\n<li>la prima icona grigia consente di vedere\/modificare le&nbsp;<strong>impostazioni personali<\/strong>&nbsp;relative a:<br>code preferite, notifiche ticket, assenze dall\u2019ufficio<\/li>\n\n\n\n<li>la seconda icona gialla \u00e8 un accesso abbreviato alla voce di menu <strong>Ticket &gt; Vista per code<\/strong><\/li>\n\n\n\n<li>la terza icona a forma di &#8220;cornetta telefonica&#8221; \u00e8 n accesso abbreviato alla voce di menu <strong>Ticket &gt; Nuovo ticket<\/strong><\/li>\n\n\n\n<li>la quarta icona evidenzia il numero dei ticket di cui sono&nbsp;<strong>responsabile<\/strong>&nbsp;ed eventualmente operatore (es. 2 in figura) <\/li>\n\n\n\n<li>la quinta icona evidenzia il numero dei ticket che ho preso in carico, per i quali sono l\u2019<strong>operatore<\/strong>&nbsp;(es. 1 in figura)<\/li>\n<\/ul>\n\n\n\n<figure class=\"wp-block-image alignleft size-full\"><img loading=\"lazy\" decoding=\"async\" width=\"47\" height=\"49\" src=\"http:\/\/www.gestionerichieste.help.polimi.it\/wp-content\/uploads\/2023\/12\/ticket_responsabile.png\" alt=\"\" class=\"wp-image-644\"\/><\/figure>\n\n\n\n<p>Se sono arrivati&nbsp;<strong>nuovi articoli<\/strong>&nbsp;nei ticket di cui sono&nbsp;<strong>responsabile<\/strong>, comparir\u00e0 un\u2019ulteriore icona con a fianco una&nbsp;<strong>stellina<\/strong>. E il numero sottostante verr\u00e0 aggiornato di conseguenza.<\/p>\n\n\n\n<figure class=\"wp-block-image alignleft size-full\"><img loading=\"lazy\" decoding=\"async\" width=\"43\" height=\"46\" src=\"http:\/\/www.gestionerichieste.help.polimi.it\/wp-content\/uploads\/2023\/12\/ticket_operatore-1.png\" alt=\"\" class=\"wp-image-645\"\/><\/figure>\n\n\n\n<p>Lo stesso accade per i ticket che ho preso in gestione.<\/p>\n\n\n\n<div class=\"wp-block-group is-vertical is-layout-flex wp-container-core-group-is-layout-fe9cc265 wp-block-group-is-layout-flex\">\n<div class=\"wp-block-group is-vertical is-layout-flex wp-container-core-group-is-layout-d6b9ab57 wp-block-group-is-layout-flex\">\n<p>ATTENZIONE: il numero totale dei ticket di cui sono operatore pu\u00f2 differire da quello dei ticket di cui sono responsabile. Posso infatti essere responsabile di un ticket, ma non operatore, e viceversa.<\/p>\n<\/div>\n<\/div>\n\n\n\n<p><span style=\"text-decoration: underline;\">ESEMPIO<\/span>: se vi \u00e8 un\u2019urgenza su una data richiesta e l\u2019operatore A, che la sta gestendo, \u00e8 assente, si effettuer\u00e0 un <a href=\"https:\/\/www.gestionerichieste.help.polimi.it\/?page_id=29\" data-type=\"page\" data-id=\"29\" target=\"_blank\" rel=\"noreferrer noopener\">cambio operatore<\/a>. L\u2019operatore B potr\u00e0 rispondere e l\u2019operatore A (che sar\u00e0 rimasto come responsabile del ticket), rester\u00e0 comunque informato in merito al decorso della richiesta.<\/p>\n<\/details>\n\n\n\n<hr class=\"wp-block-separator alignwide has-alpha-channel-opacity is-style-wide\"\/>\n\n\n\n<h3 class=\"wp-block-heading alignwide\">HELP DESK A PI\u00d9 LIVELLI<\/h3>\n\n\n\n<div class=\"wp-block-columns alignwide is-layout-flex wp-container-core-columns-is-layout-28f84493 wp-block-columns-is-layout-flex\">\n<div class=\"wp-block-column is-layout-flow wp-block-column-is-layout-flow\" style=\"flex-basis:100%\">\n<p>OTOBO d\u00e0 la possibilit\u00e0 di strutturare l\u2019help desk a pi\u00f9 livelli, ossia di articolare il servizio di assistenza, prevedendo gruppi di operatori diversi per problematiche diverse (code o sotto-code di help).<\/p>\n<\/div>\n<\/div>\n\n\n\n<figure class=\"wp-block-image aligncenter size-large\"><img decoding=\"async\" src=\"http:\/\/www.gestionerichieste.help.polimi.it\/wp-content\/uploads\/2024\/05\/livelli-di-help-768x415-1.png\" alt=\"\" title=\"\"\/><\/figure>\n\n\n\n<div class=\"wp-block-columns alignwide is-layout-flex wp-container-core-columns-is-layout-28f84493 wp-block-columns-is-layout-flex\">\n<div class=\"wp-block-column is-layout-flow wp-block-column-is-layout-flow\" style=\"flex-basis:100%\">\n<p><\/p>\n\n\n\n<p>Potremo quindi avere, ad esempio, una coda di help principale (primo livello \u2013 visibile all\u2019utente) e delle sotto-code di help che forniscono assistenza specifica e che si interfacciano con la sola coda principale.<br>E\u2019 in questo contesto che ha senso parlare della possibilit\u00e0 di generare un ticket di secondo livello su una sotto-coda:<br><a href=\"https:\/\/www.gestionerichieste.help.polimi.it\/?page_id=903\" data-type=\"page\" data-id=\"903\" target=\"_blank\" rel=\"noreferrer noopener\">SPEZZARE UN TICKET &#8211; Generare un ticket di secondo livello<\/a><\/p>\n<\/div>\n<\/div>\n\n\n\n<p><\/p>\n","protected":false},"excerpt":{"rendered":"<p>OTOBO \u00e8 un sistema di trouble ticketing che permette di organizzare il servizio di assistenza in modo strutturato CARATTERISTICHE PRINCIPALI Lato operatore OTOBO consente di creare delle code di help e di strutturarle, se necessario, in livelli diversi, a seconda del flusso che devono seguire le richieste all\u2019interno di un\u2019organizzazione; consente inoltre una gestione condivisa [&hellip;]<\/p>\n","protected":false},"author":6,"featured_media":0,"parent":0,"menu_order":0,"comment_status":"closed","ping_status":"closed","template":"","meta":{"inline_featured_image":false,"footnotes":""},"class_list":["post-13","page","type-page","status-publish","hentry"],"blocksy_meta":[],"_links":{"self":[{"href":"https:\/\/www.gestionerichieste.help.polimi.it\/index.php?rest_route=\/wp\/v2\/pages\/13","targetHints":{"allow":["GET"]}}],"collection":[{"href":"https:\/\/www.gestionerichieste.help.polimi.it\/index.php?rest_route=\/wp\/v2\/pages"}],"about":[{"href":"https:\/\/www.gestionerichieste.help.polimi.it\/index.php?rest_route=\/wp\/v2\/types\/page"}],"author":[{"embeddable":true,"href":"https:\/\/www.gestionerichieste.help.polimi.it\/index.php?rest_route=\/wp\/v2\/users\/6"}],"replies":[{"embeddable":true,"href":"https:\/\/www.gestionerichieste.help.polimi.it\/index.php?rest_route=%2Fwp%2Fv2%2Fcomments&post=13"}],"version-history":[{"count":125,"href":"https:\/\/www.gestionerichieste.help.polimi.it\/index.php?rest_route=\/wp\/v2\/pages\/13\/revisions"}],"predecessor-version":[{"id":1203,"href":"https:\/\/www.gestionerichieste.help.polimi.it\/index.php?rest_route=\/wp\/v2\/pages\/13\/revisions\/1203"}],"wp:attachment":[{"href":"https:\/\/www.gestionerichieste.help.polimi.it\/index.php?rest_route=%2Fwp%2Fv2%2Fmedia&parent=13"}],"curies":[{"name":"wp","href":"https:\/\/api.w.org\/{rel}","templated":true}]}}