{"id":880,"date":"2024-05-14T15:03:14","date_gmt":"2024-05-14T15:03:14","guid":{"rendered":"https:\/\/www.gestionerichieste.help.polimi.it\/?page_id=880"},"modified":"2024-08-09T10:00:48","modified_gmt":"2024-08-09T10:00:48","slug":"spostare-un-ticket","status":"publish","type":"page","link":"https:\/\/www.gestionerichieste.help.polimi.it\/?page_id=880","title":{"rendered":"Spostare un ticket"},"content":{"rendered":"\n<div class=\"wp-block-columns alignwide is-layout-flex wp-container-core-columns-is-layout-28f84493 wp-block-columns-is-layout-flex\">\n<div class=\"wp-block-column is-layout-flow wp-block-column-is-layout-flow\" style=\"flex-basis:100%\">\n<p><strong>SITUAZIONE<\/strong>: E\u2019 stato aperto un ticket sulla coda di cui sono operatore, ma la richiesta non \u00e8 di mia competenza, andava indirizzata su un\u2019altra coda di help: il ticket va&nbsp;<strong>spostato<\/strong>.<\/p>\n\n\n\n<p><strong>ATTENZIONE<\/strong>: La possibilit\u00e0 di spostare ticket su altre code \u00e8 determinata dalla configurazione concordata con ASICT al momento dell\u2019implementazione della coda di help di cui si \u00e8 operatori. Se successivamente dovesse nascere la necessit\u00e0 di spostare ticket su code non previste, bisogna che il responsabile della coda effettui esplicita richiesta all\u2019<strong>assistenza OTOBO<\/strong>.<\/p>\n\n\n\n<div class=\"wp-block-columns alignwide is-layout-flex wp-container-core-columns-is-layout-28f84493 wp-block-columns-is-layout-flex\">\n<div class=\"wp-block-column is-layout-flow wp-block-column-is-layout-flow\" style=\"flex-basis:100%\">\n<p><\/p>\n<\/div>\n<\/div>\n\n\n\n<div class=\"wp-block-columns alignwide is-layout-flex wp-container-core-columns-is-layout-28f84493 wp-block-columns-is-layout-flex\">\n<div class=\"wp-block-column is-layout-flow wp-block-column-is-layout-flow\" style=\"flex-basis:100%\">\n<p>Dopo aver visualizzato il ticket <strong>SENZA prenderlo in gestione<\/strong>:<\/p>\n\n\n\n<figure class=\"wp-block-image aligncenter size-full\"><img loading=\"lazy\" decoding=\"async\" width=\"696\" height=\"85\" src=\"http:\/\/www.gestionerichieste.help.polimi.it\/wp-content\/uploads\/2024\/03\/spostamento.png\" alt=\"\" class=\"wp-image-820\" srcset=\"https:\/\/www.gestionerichieste.help.polimi.it\/wp-content\/uploads\/2024\/03\/spostamento.png 696w, https:\/\/www.gestionerichieste.help.polimi.it\/wp-content\/uploads\/2024\/03\/spostamento-300x37.png 300w\" sizes=\"auto, (max-width: 696px) 100vw, 696px\" \/><\/figure>\n\n\n\n<div class=\"wp-block-group is-vertical is-layout-flex wp-container-core-group-is-layout-dc7e1545 wp-block-group-is-layout-flex\" style=\"padding-right:var(--wp--preset--spacing--70);padding-left:var(--wp--preset--spacing--70)\">\n<div class=\"wp-block-columns is-layout-flex wp-container-core-columns-is-layout-28f84493 wp-block-columns-is-layout-flex\">\n<div class=\"wp-block-column is-layout-flow wp-block-column-is-layout-flow\" style=\"flex-basis:100%\">\n<div class=\"wp-block-group alignfull is-vertical is-content-justification-center is-layout-flex wp-container-core-group-is-layout-ce155fab wp-block-group-is-layout-flex\">\n<div class=\"wp-block-columns is-layout-flex wp-container-core-columns-is-layout-28f84493 wp-block-columns-is-layout-flex\">\n<div class=\"wp-block-column is-layout-flow wp-block-column-is-layout-flow\" style=\"flex-basis:100%\">\n<p><strong>Step 1<\/strong>: clicco su Sposta <\/p>\n\n\n\n<div class=\"wp-block-columns alignwide is-layout-flex wp-container-core-columns-is-layout-28f84493 wp-block-columns-is-layout-flex\">\n<div class=\"wp-block-column is-layout-flow wp-block-column-is-layout-flow\" style=\"flex-basis:100%\">\n<p><strong>Step 2<\/strong>: seleziono la coda di help in cui deve essere spostato (vedo solo le code sulle quali sono abilitato a spostare un ticket)<\/p>\n<\/div>\n<\/div>\n\n\n\n<p><strong>Step 3<\/strong>: confermo.<\/p>\n\n\n\n<p>Non viene inviata alcuna notifica all\u2019utente;<\/p>\n<\/div>\n<\/div>\n<\/div>\n<\/div>\n<\/div>\n<\/div>\n\n\n\n<p>Nel caso in cui l&#8217;operatore <strong>prenda in gestione il ticket<\/strong> e si accorga dopo che non \u00e8 di sua competenza, baster\u00e0 spostare il ticket (come visto in precedenza) su un&#8217;altra coda resettando cos\u00ec l&#8217;operatore e liberando il ticket<\/p>\n\n\n\n<figure class=\"wp-block-image aligncenter size-full\"><img loading=\"lazy\" decoding=\"async\" width=\"696\" height=\"85\" src=\"http:\/\/www.gestionerichieste.help.polimi.it\/wp-content\/uploads\/2024\/03\/spostamento.png\" alt=\"\" class=\"wp-image-820\" srcset=\"https:\/\/www.gestionerichieste.help.polimi.it\/wp-content\/uploads\/2024\/03\/spostamento.png 696w, https:\/\/www.gestionerichieste.help.polimi.it\/wp-content\/uploads\/2024\/03\/spostamento-300x37.png 300w\" sizes=\"auto, (max-width: 696px) 100vw, 696px\" \/><\/figure>\n\n\n\n<p>NB:  il ticket \u00e8 in stato APERTO in questo momento e l&#8217;operatore della coda finale se non ha impostato le notifiche di spostamento dalla sezione <a href=\"https:\/\/www.gestionerichieste.help.polimi.it\/?page_id=31#item1\" data-type=\"link\" data-id=\"https:\/\/www.gestionerichieste.help.polimi.it\/?page_id=31#item1\" target=\"_blank\" rel=\"noreferrer noopener\">notifiche <\/a> allora trover\u00e0 il ticket in stato libero nei TICKET APERTI nella pagina del CRUSCOTTO<\/p>\n\n\n\n<p><\/p>\n<\/div>\n<\/div>\n<\/div>\n<\/div>\n\n\n\n<p><\/p>\n","protected":false},"excerpt":{"rendered":"<p>SITUAZIONE: E\u2019 stato aperto un ticket sulla coda di cui sono operatore, ma la richiesta non \u00e8 di mia competenza, andava indirizzata su un\u2019altra coda di help: il ticket va&nbsp;spostato. ATTENZIONE: La possibilit\u00e0 di spostare ticket su altre code \u00e8 determinata dalla configurazione concordata con ASICT al momento dell\u2019implementazione della coda di help di cui [&hellip;]<\/p>\n","protected":false},"author":7,"featured_media":0,"parent":0,"menu_order":0,"comment_status":"closed","ping_status":"closed","template":"","meta":{"inline_featured_image":false,"footnotes":""},"class_list":["post-880","page","type-page","status-publish","hentry"],"blocksy_meta":[],"_links":{"self":[{"href":"https:\/\/www.gestionerichieste.help.polimi.it\/index.php?rest_route=\/wp\/v2\/pages\/880","targetHints":{"allow":["GET"]}}],"collection":[{"href":"https:\/\/www.gestionerichieste.help.polimi.it\/index.php?rest_route=\/wp\/v2\/pages"}],"about":[{"href":"https:\/\/www.gestionerichieste.help.polimi.it\/index.php?rest_route=\/wp\/v2\/types\/page"}],"author":[{"embeddable":true,"href":"https:\/\/www.gestionerichieste.help.polimi.it\/index.php?rest_route=\/wp\/v2\/users\/7"}],"replies":[{"embeddable":true,"href":"https:\/\/www.gestionerichieste.help.polimi.it\/index.php?rest_route=%2Fwp%2Fv2%2Fcomments&post=880"}],"version-history":[{"count":13,"href":"https:\/\/www.gestionerichieste.help.polimi.it\/index.php?rest_route=\/wp\/v2\/pages\/880\/revisions"}],"predecessor-version":[{"id":1223,"href":"https:\/\/www.gestionerichieste.help.polimi.it\/index.php?rest_route=\/wp\/v2\/pages\/880\/revisions\/1223"}],"wp:attachment":[{"href":"https:\/\/www.gestionerichieste.help.polimi.it\/index.php?rest_route=%2Fwp%2Fv2%2Fmedia&parent=880"}],"curies":[{"name":"wp","href":"https:\/\/api.w.org\/{rel}","templated":true}]}}